{"id":1014,"date":"2022-10-26T12:31:42","date_gmt":"2022-10-26T10:31:42","guid":{"rendered":"https:\/\/www.martinleurs.de\/wp\/?page_id=1014"},"modified":"2023-08-19T20:16:49","modified_gmt":"2023-08-19T18:16:49","slug":"about","status":"publish","type":"page","link":"https:\/\/www.martinleurs.de\/wp\/about\/","title":{"rendered":"About"},"content":{"rendered":"\n<hr class=\"wp-block-separator has-alpha-channel-opacity is-style-dots\"\/>\n\n\n\n<div class=\"wp-block-group alignfull has-custom-vg-zu-gesattigt-gradient-background has-background is-layout-constrained wp-container-core-group-is-layout-ea351d65 wp-block-group-is-layout-constrained\" style=\"padding-top:0;padding-right:0;padding-bottom:0;padding-left:0\">\n<div class=\"wp-block-columns alignwide media-und-text-about-seite has-background-color has-text-color has-link-color wp-elements-d91a677fd9cfedfb48a2ecea50f0b11c is-layout-flex wp-container-core-columns-is-layout-28f84493 wp-block-columns-is-layout-flex\">\n<div class=\"wp-block-column is-layout-flow wp-block-column-is-layout-flow\" style=\"flex-basis:66.66%\">\n<div class=\"wp-block-group is-layout-flow wp-block-group-is-layout-flow\" style=\"padding-top:20px;padding-right:min(8rem, 5vw)\">\n<h2 class=\"wp-block-heading\" style=\"font-size:clamp(3rem, 6vw, 4.5rem);font-weight:300;line-height:1.115\"><em>Martin<br>Leurs<\/em><\/h2>\n\n\n\n<blockquote class=\"wp-block-quote is-layout-flow wp-block-quote-is-layout-flow\">\n<p>Jack of all trades &#8211; master of none.<\/p>\n<\/blockquote>\n\n\n\n<p>Geboren 1989, aufgewachsen und heimisch am Niederrhein. <\/p>\n\n\n\n<p>Ungef\u00e4hr 2008 habe ich die Software <a href=\"https:\/\/www.blender.org\/\" target=\"_blank\" rel=\"noopener\">Blender<\/a> entdeckt, mit der man 3D-Modelle und Animationen erstellen kann. Das war mein Einstieg in die Welt der (digitalen) Kunst und der Beginn meiner k\u00fcnstlerischen Reise. Ab 2013 habe ich mich vermehrt der Aquarellmalerei gewidmet und in den letzten Jahren kamen mehr und mehr Linoldrucke dazu. Zwischendurch experimentiere ich immer wieder mit Tusche oder zeichne mit Bleistift.<\/p>\n\n\n\n<p>Bei Aquarellen bleibe ich immer wieder h\u00e4ngen, da mich die Spontanit\u00e4t und Unplanbarkeit fasziniert. Man kann zwar mit einem Pinselstrich ein Ziel verfolgen, aber die Reaktion der Farben und des Wassers miteinander f\u00fchrt immer wieder zu Ergebnissen, die unm\u00f6glich zu reproduzieren sind. Au\u00dferdem zwingt einen die Aquarellmalerei (je nach Technik) z\u00fcgig zu malen. Man muss im richtigen Moment die richtige Menge Farbe auf das noch im richtigen Ma\u00dfe feuchte Papier bringen. Man hat keine Zeit, zu z\u00f6gern.<\/p>\n\n\n\n<p>Genau umgekehrt ist es beim Linoldruck. Im Gegensatz zu Aquarellen habe ich hier die M\u00f6glichkeit, jeden Strich genau auszuarbeiten. Ich kann das Werkzeug beim Schneiden langsam und \u00fcberlegt f\u00fchren, jeden Schnitt \u00fcberdenken und sogar Fehler ausbessern. <\/p>\n\n\n\n<p>So schaffen beide Medien zusammen eine sch\u00f6ne Balance und je nach Stimmung male ich ein Aquarell, oder arbeite an einem Druck.<\/p>\n\n\n\n<p>Auf dieser Seite stelle ich einige meiner Arbeiten in meinem <a href=\"https:\/\/www.martinleurs.de\/wp\/portfolio\/\" data-type=\"page\" data-id=\"1024\">Portfolio<\/a> vor. Einige Erfahrungen und Erlebnisse meiner k\u00fcnstlerischen Reise teile ich im <a href=\"https:\/\/www.martinleurs.de\/wp\/blog\/\" data-type=\"page\" data-id=\"60\">Blog<\/a> und seit einigen Jahren habe ich auch einen <a href=\"https:\/\/www.martinleurs.de\/wp\/shop\/\" data-type=\"page\" data-id=\"6\">Shop<\/a>, der meine k\u00fcnstlerische T\u00e4tigkeit finanziert. <\/p>\n<\/div>\n\n\n\n<div style=\"height:32px\" aria-hidden=\"true\" class=\"wp-block-spacer\"><\/div>\n<\/div>\n\n\n\n<div class=\"wp-block-column is-vertically-aligned-center is-layout-flow wp-block-column-is-layout-flow\" style=\"flex-basis:33.33%\">\n<figure class=\"wp-block-image aligncenter size-full has-custom-border\"><img loading=\"lazy\" decoding=\"async\" width=\"1568\" height=\"1568\" src=\"https:\/\/www.martinleurs.de\/wp\/wp-content\/uploads\/2022\/10\/ava.jpg\" alt=\"\" class=\"wp-image-1242\" style=\"border-radius:8px\" srcset=\"https:\/\/www.martinleurs.de\/wp\/wp-content\/uploads\/2022\/10\/ava.jpg 1568w, https:\/\/www.martinleurs.de\/wp\/wp-content\/uploads\/2022\/10\/ava-1024x1024.jpg 1024w, https:\/\/www.martinleurs.de\/wp\/wp-content\/uploads\/2022\/10\/ava-512x512.jpg 512w, https:\/\/www.martinleurs.de\/wp\/wp-content\/uploads\/2022\/10\/ava-768x768.jpg 768w, https:\/\/www.martinleurs.de\/wp\/wp-content\/uploads\/2022\/10\/ava-1536x1536.jpg 1536w, https:\/\/www.martinleurs.de\/wp\/wp-content\/uploads\/2022\/10\/ava-450x450.jpg 450w, https:\/\/www.martinleurs.de\/wp\/wp-content\/uploads\/2022\/10\/ava-600x600.jpg 600w, https:\/\/www.martinleurs.de\/wp\/wp-content\/uploads\/2022\/10\/ava-100x100.jpg 100w\" sizes=\"auto, (max-width: 1568px) 100vw, 1568px\" \/><\/figure>\n<\/div>\n<\/div>\n<\/div>\n\n\n\n<hr class=\"wp-block-separator has-alpha-channel-opacity is-style-dots\"\/>\n","protected":false},"excerpt":{"rendered":"<p>MartinLeurs Jack of all trades &#8211; master of none. Geboren 1989, aufgewachsen und heimisch am Niederrhein. Ungef\u00e4hr 2008 habe ich die Software Blender entdeckt, mit der man 3D-Modelle und Animationen erstellen kann. Das war mein Einstieg in die Welt der (digitalen) Kunst und der Beginn meiner k\u00fcnstlerischen Reise. Ab 2013 habe ich mich vermehrt der [&hellip;]<\/p>\n","protected":false},"author":1,"featured_media":0,"parent":0,"menu_order":0,"comment_status":"closed","ping_status":"closed","template":"wp-custom-template-about-ohne-titel","meta":{"footnotes":""},"class_list":["post-1014","page","type-page","status-publish","hentry"],"_links":{"self":[{"href":"https:\/\/www.martinleurs.de\/wp\/wp-json\/wp\/v2\/pages\/1014","targetHints":{"allow":["GET"]}}],"collection":[{"href":"https:\/\/www.martinleurs.de\/wp\/wp-json\/wp\/v2\/pages"}],"about":[{"href":"https:\/\/www.martinleurs.de\/wp\/wp-json\/wp\/v2\/types\/page"}],"author":[{"embeddable":true,"href":"https:\/\/www.martinleurs.de\/wp\/wp-json\/wp\/v2\/users\/1"}],"replies":[{"embeddable":true,"href":"https:\/\/www.martinleurs.de\/wp\/wp-json\/wp\/v2\/comments?post=1014"}],"version-history":[{"count":31,"href":"https:\/\/www.martinleurs.de\/wp\/wp-json\/wp\/v2\/pages\/1014\/revisions"}],"predecessor-version":[{"id":1423,"href":"https:\/\/www.martinleurs.de\/wp\/wp-json\/wp\/v2\/pages\/1014\/revisions\/1423"}],"wp:attachment":[{"href":"https:\/\/www.martinleurs.de\/wp\/wp-json\/wp\/v2\/media?parent=1014"}],"curies":[{"name":"wp","href":"https:\/\/api.w.org\/{rel}","templated":true}]}}